{"id":6459,"date":"2017-03-27T14:30:31","date_gmt":"2017-03-27T14:30:31","guid":{"rendered":"http:\/\/techquip.se\/?page_id=6459\/"},"modified":"2017-03-28T10:23:25","modified_gmt":"2017-03-28T10:23:25","slug":"contact-us","status":"publish","type":"page","link":"https:\/\/techquip.se\/en\/contact-us\/","title":{"rendered":"Contact us"},"content":{"rendered":"<p><div class=\"fusion-fullwidth fullwidth-box fusion-builder-row-1 hundred-percent-fullwidth non-hundred-percent-height-scrolling\" style=\"background-color: rgba(255,255,255,0);background-position: left top;background-repeat: no-repeat;padding-top:0px;padding-right:0px;padding-bottom:0px;padding-left:0px;margin-bottom: 0px;margin-top: 0px;border-width: 0px 0px 0px 0px;border-color:#eae9e9;border-style:solid;\" ><div class=\"fusion-builder-row fusion-row\"><div class=\"fusion-layout-column fusion_builder_column fusion-builder-column-0 fusion_builder_column_1_1 1_1 fusion-one-full fusion-column-first fusion-column-last fusion-column-no-min-height\" style=\"margin-top:0px;margin-bottom:0px;\"><div class=\"fusion-column-wrapper fusion-flex-column-wrapper-legacy\" style=\"background-position:left top;background-repeat:no-repeat;-webkit-background-size:cover;-moz-background-size:cover;-o-background-size:cover;background-size:cover;padding: 0px 0px 0px 0px;\">\t\t\t\t\t<script type=\"text\/javascript\">\n\t\t\t\t\t\tvar map_fusion_map_69e4978e12c29;\n\t\t\t\t\t\tvar markers = [];\n\t\t\t\t\t\tvar counter = 0;\n\t\t\t\t\t\t\t\t\t\t\t\t\t\t\t\t\t\t\t\tvar fusionMapNonce = 'dea6a27101';\n\t\t\t\t\t\t\t\t\t\t\t\tfunction fusion_run_map_fusion_map_69e4978e12c29() {\n\t\t\t\t\t\t\tjQuery('#fusion_map_69e4978e12c29').fusion_maps({\n\t\t\t\t\t\t\t\taddresses: [{\"address\":\"F\\u00f6rr\\u00e5dsv\\u00e4gen 18, 901 32 UME\\u00c5 Sweden\",\"infobox_content\":\"F\\u00f6rr\\u00e5dsv\\u00e4gen 18, 901 32 UME\\u00c5 Sweden\",\"marker\":\"https:\\\/\\\/avada.theme-fusion.com\\\/agency\\\/wp-content\\\/uploads\\\/sites\\\/11\\\/2014\\\/10\\\/agency_logo_icon.png\",\"coordinates\":false,\"cache\":true,\"latitude\":\"63.8453308\",\"longitude\":\"20.220184300000028\"}],\n\t\t\t\t\t\t\t\tanimations: true,\n\t\t\t\t\t\t\t\tinfobox_background_color: 'rgba(000,000,000,.4)',\n\t\t\t\t\t\t\t\tinfobox_styling: 'custom',\n\t\t\t\t\t\t\t\tinfobox_text_color: '#ffffff',\n\t\t\t\t\t\t\t\tmap_style: 'default',\n\t\t\t\t\t\t\t\tmap_type: 'roadmap',\n\t\t\t\t\t\t\t\tmarker_icon: 'https:\/\/avada.theme-fusion.com\/agency\/wp-content\/uploads\/sites\/11\/2014\/10\/agency_logo_icon.png|https:\/\/avada.theme-fusion.com\/agency\/wp-content\/uploads\/sites\/11\/2014\/10\/agency_logo_icon.png|https:\/\/avada.theme-fusion.com\/agency\/wp-content\/uploads\/sites\/11\/2014\/10\/agency_logo_icon.png|https:\/\/avada.theme-fusion.com\/agency\/wp-content\/uploads\/sites\/11\/2014\/10\/agency_logo_icon.png',\n\t\t\t\t\t\t\t\toverlay_color: '#6796bf',\n\t\t\t\t\t\t\t\toverlay_color_hsl: {\"hue\":208,\"sat\":41,\"lum\":58},\n\t\t\t\t\t\t\t\tpan_control: true,\n\t\t\t\t\t\t\t\tshow_address: false,\n\t\t\t\t\t\t\t\tscale_control: false,\n\t\t\t\t\t\t\t\tscrollwheel: false,\n\t\t\t\t\t\t\t\tzoom: 12,\n\t\t\t\t\t\t\t\tzoom_control: true,\n\t\t\t\t\t\t\t});\n\t\t\t\t\t\t}\n\n\t\t\t\t\t\tgoogle.maps.event.addDomListener(window, 'load', fusion_run_map_fusion_map_69e4978e12c29);\n\t\t\t\t\t<\/script>\n\t\t\t\t\t<div class=\"shortcode-map fusion-google-map fusion-maps-js-type\" id=\"fusion_map_69e4978e12c29\" style=\"height:520px;width:100%;\"><\/div><div class=\"fusion-clearfix\"><\/div><\/div><\/div><\/div><\/div><div class=\"fusion-fullwidth fullwidth-box fusion-builder-row-2 nonhundred-percent-fullwidth non-hundred-percent-height-scrolling\" style=\"background-color: rgba(255,255,255,0);background-position: left top;background-repeat: repeat;padding-top:20px;padding-right:0px;padding-bottom:25px;padding-left:0px;margin-bottom: 0px;margin-top: 0px;border-width: 0px 0px 0px 0px;border-color:#eae9e9;border-style:solid;\" ><div class=\"fusion-builder-row fusion-row\"><div class=\"fusion-layout-column fusion_builder_column fusion-builder-column-1 fusion_builder_column_1_2 1_2 fusion-one-half fusion-column-first\" style=\"width:48%; margin-right: 4%;margin-top:0px;margin-bottom:20px;\"><div class=\"fusion-column-wrapper fusion-flex-column-wrapper-legacy\" style=\"background-position:left top;background-repeat:no-repeat;-webkit-background-size:cover;-moz-background-size:cover;-o-background-size:cover;background-size:cover;padding: 0px 0px 0px 0px;\"><div class=\"fusion-text fusion-text-1\"><p style=\"text-align: center;\"><img decoding=\"async\" class=\"alignleft wp-image-45 size-full\" src=\"http:\/\/media4.techquip.se\/2017\/01\/16128175_10154414644152568_1096796819_n.png\" alt=\"TechQuip Logo\" width=\"842\" height=\"595\" srcset=\"https:\/\/media4.techquip.se\/2017\/01\/16128175_10154414644152568_1096796819_n-65x46.png 65w, https:\/\/media4.techquip.se\/2017\/01\/16128175_10154414644152568_1096796819_n-142x100.png 142w, https:\/\/media4.techquip.se\/2017\/01\/16128175_10154414644152568_1096796819_n-150x106.png 150w, https:\/\/media4.techquip.se\/2017\/01\/16128175_10154414644152568_1096796819_n-220x155.png 220w, https:\/\/media4.techquip.se\/2017\/01\/16128175_10154414644152568_1096796819_n-300x212.png 300w, https:\/\/media4.techquip.se\/2017\/01\/16128175_10154414644152568_1096796819_n-358x253.png 358w, https:\/\/media4.techquip.se\/2017\/01\/16128175_10154414644152568_1096796819_n-566x400.png 566w, https:\/\/media4.techquip.se\/2017\/01\/16128175_10154414644152568_1096796819_n-637x450.png 637w, https:\/\/media4.techquip.se\/2017\/01\/16128175_10154414644152568_1096796819_n-722x510.png 722w, https:\/\/media4.techquip.se\/2017\/01\/16128175_10154414644152568_1096796819_n-768x543.png 768w, https:\/\/media4.techquip.se\/2017\/01\/16128175_10154414644152568_1096796819_n.png 842w\" sizes=\"(max-width: 842px) 100vw, 842px\" \/><\/p>\n<p style=\"text-align: center;\"><strong>Adress:<\/strong>\u00a0F\u00f6rr\u00e5dsv\u00e4gen 18, 90132 UME\u00c5<div class=\"fusion-text fusion-text-1\"><\/div><div class=\"fusion-text fusion-text-2\"><\/div><\/p>\n<\/div><div class=\"fusion-clearfix\"><\/div><\/div><\/div><div class=\"fusion-layout-column fusion_builder_column fusion-builder-column-2 fusion_builder_column_1_2 1_2 fusion-one-half fusion-column-last\" style=\"width:48%;margin-top:0px;margin-bottom:20px;\"><div class=\"fusion-column-wrapper fusion-flex-column-wrapper-legacy\" style=\"background-position:left top;background-repeat:no-repeat;-webkit-background-size:cover;-moz-background-size:cover;-o-background-size:cover;background-size:cover;padding: 0px 0px 0px 0px;\">\n<div class=\"wpcf7 no-js\" id=\"wpcf7-f6506-o1\" lang=\"sv-SE\" dir=\"ltr\" data-wpcf7-id=\"6506\">\n<div class=\"screen-reader-response\"><p role=\"status\" aria-live=\"polite\" aria-atomic=\"true\"><\/p> <ul><\/ul><\/div>\n<form action=\"\/en\/wp-json\/wp\/v2\/pages\/6459#wpcf7-f6506-o1\" method=\"post\" class=\"wpcf7-form init\" aria-label=\"Kontaktformul\u00e4r\" novalidate=\"novalidate\" data-status=\"init\">\n<fieldset class=\"hidden-fields-container\"><input type=\"hidden\" name=\"_wpcf7\" value=\"6506\" \/><input type=\"hidden\" name=\"_wpcf7_version\" value=\"6.1.5\" \/><input type=\"hidden\" name=\"_wpcf7_locale\" value=\"sv_SE\" \/><input type=\"hidden\" name=\"_wpcf7_unit_tag\" value=\"wpcf7-f6506-o1\" \/><input type=\"hidden\" name=\"_wpcf7_container_post\" value=\"0\" \/><input type=\"hidden\" name=\"_wpcf7_posted_data_hash\" value=\"\" \/>\n<\/fieldset>\n<p><label>Name<br \/>\n<span class=\"wpcf7-form-control-wrap\" data-name=\"your-name\"><input size=\"40\" maxlength=\"400\" class=\"wpcf7-form-control wpcf7-text wpcf7-validates-as-required\" aria-required=\"true\" aria-invalid=\"false\" value=\"\" type=\"text\" name=\"your-name\" \/><\/span> <\/label>\n<\/p>\n<p><label>Email<br \/>\n<span class=\"wpcf7-form-control-wrap\" data-name=\"your-email\"><input size=\"40\" maxlength=\"400\" class=\"wpcf7-form-control wpcf7-email wpcf7-validates-as-required wpcf7-text wpcf7-validates-as-email\" aria-required=\"true\" aria-invalid=\"false\" value=\"\" type=\"email\" name=\"your-email\" \/><\/span> <\/label><br \/>\n<label>Telephone<br \/>\n<span class=\"wpcf7-form-control-wrap\" data-name=\"Telefon\"><input size=\"40\" maxlength=\"400\" class=\"wpcf7-form-control wpcf7-tel wpcf7-text wpcf7-validates-as-tel\" aria-invalid=\"false\" value=\"\" type=\"tel\" name=\"Telefon\" \/><\/span> <\/label>\n<\/p>\n<p><label>Subject<br \/>\n<span class=\"wpcf7-form-control-wrap\" data-name=\"your-subject\"><input size=\"40\" maxlength=\"400\" class=\"wpcf7-form-control wpcf7-text\" aria-invalid=\"false\" value=\"\" type=\"text\" name=\"your-subject\" \/><\/span> <\/label>\n<\/p>\n<p><label>Message<br \/>\n<span class=\"wpcf7-form-control-wrap\" data-name=\"your-message\"><textarea cols=\"40\" rows=\"10\" maxlength=\"2000\" class=\"wpcf7-form-control wpcf7-textarea\" aria-invalid=\"false\" name=\"your-message\"><\/textarea><\/span> <\/label>\n<\/p>\n<p><input class=\"wpcf7-form-control wpcf7-submit has-spinner\" type=\"submit\" value=\"Send\" \/>\n<\/p><p style=\"display: none !important;\" class=\"akismet-fields-container\" data-prefix=\"_wpcf7_ak_\"><label>&#916;<textarea name=\"_wpcf7_ak_hp_textarea\" cols=\"45\" rows=\"8\" maxlength=\"100\"><\/textarea><\/label><input type=\"hidden\" id=\"ak_js_1\" name=\"_wpcf7_ak_js\" value=\"174\"\/><script>document.getElementById( \"ak_js_1\" ).setAttribute( \"value\", ( new Date() ).getTime() );<\/script><\/p><div class=\"fusion-alert alert custom alert-custom fusion-alert-center wpcf7-response-output alert-dismissable\" style=\"border-width:1px;\"><button type=\"button\" class=\"close toggle-alert\" data-dismiss=\"alert\" aria-hidden=\"true\">&times;<\/button><div class=\"fusion-alert-content-wrapper\"><span class=\"fusion-alert-content\"><\/span><\/div><\/div>\n<\/form>\n<\/div>\n<div class=\"fusion-clearfix\"><\/div><\/div><\/div><div class=\"fusion-layout-column fusion_builder_column fusion-builder-column-3 fusion_builder_column_1_1 1_1 fusion-one-full fusion-column-first fusion-column-last fusion-column-no-min-height\" style=\"margin-top:0px;margin-bottom:0px;\"><div class=\"fusion-column-wrapper fusion-flex-column-wrapper-legacy\" style=\"background-position:left top;background-repeat:no-repeat;-webkit-background-size:cover;-moz-background-size:cover;-o-background-size:cover;background-size:cover;padding: 0px 0px 0px 0px;\"><div class=\"fusion-clearfix\"><\/div><\/div><\/div><\/div><\/div><\/p>\n","protected":false},"excerpt":{"rendered":"","protected":false},"author":1,"featured_media":0,"parent":0,"menu_order":0,"comment_status":"closed","ping_status":"closed","template":"100-width.php","meta":{"footnotes":""},"class_list":["post-6459","page","type-page","status-publish","hentry"],"_links":{"self":[{"href":"https:\/\/techquip.se\/en\/wp-json\/wp\/v2\/pages\/6459","targetHints":{"allow":["GET"]}}],"collection":[{"href":"https:\/\/techquip.se\/en\/wp-json\/wp\/v2\/pages"}],"about":[{"href":"https:\/\/techquip.se\/en\/wp-json\/wp\/v2\/types\/page"}],"author":[{"embeddable":true,"href":"https:\/\/techquip.se\/en\/wp-json\/wp\/v2\/users\/1"}],"replies":[{"embeddable":true,"href":"https:\/\/techquip.se\/en\/wp-json\/wp\/v2\/comments?post=6459"}],"version-history":[{"count":3,"href":"https:\/\/techquip.se\/en\/wp-json\/wp\/v2\/pages\/6459\/revisions"}],"predecessor-version":[{"id":6508,"href":"https:\/\/techquip.se\/en\/wp-json\/wp\/v2\/pages\/6459\/revisions\/6508"}],"wp:attachment":[{"href":"https:\/\/techquip.se\/en\/wp-json\/wp\/v2\/media?parent=6459"}],"curies":[{"name":"wp","href":"https:\/\/api.w.org\/{rel}","templated":true}]}}